{"id":865,"date":"2024-02-08T15:08:46","date_gmt":"2024-02-08T14:08:46","guid":{"rendered":"https:\/\/www.artofleisure.it\/attivita\/"},"modified":"2024-02-16T16:29:18","modified_gmt":"2024-02-16T15:29:18","slug":"activites","status":"publish","type":"page","link":"https:\/\/www.artofleisure.it\/fr\/activites\/","title":{"rendered":"Activit\u00e9s"},"content":{"rendered":"<p>L'atmosph\u00e8re magique de la Vall\u00e9e d'Aoste capte le c\u0153ur de ses visiteurs, les invitant \u00e0 revenir ann\u00e9e apr\u00e8s ann\u00e9e.<\/p>\n<p>Cette destination fascinante ne d\u00e9\u00e7oit jamais, offrant un m\u00e9lange irr\u00e9sistible de tradition, de beaut\u00e9 naturelle et d'activit\u00e9s passionnantes. Que vous soyez amateur d'explorations culturelles parmi les attractions locales ou d\u00e9sireux de vivre des \u00e9v\u00e9nements audacieux, la Vall\u00e9e d'Aoste se pr\u00e9sente comme une sc\u00e8ne dynamique et engageante.<\/p>\n<p>Avec des panoramas \u00e0 couper le souffle et un riche patrimoine, chaque coin de cette r\u00e9gion promet des exp\u00e9riences inoubliables. D\u00e9couvrez le charme intemporel de la Vall\u00e9e d'Aoste, o\u00f9 la beaut\u00e9 et l'\u00e9motion s'unissent dans un mariage parfait, vous assurant un s\u00e9jour plein d'\u00e9motions et de d\u00e9couvertes.<\/p>\n","protected":false},"excerpt":{"rendered":"<p>L'atmosph\u00e8re magique de la Vall\u00e9e d'Aoste capte le c\u0153ur de ses visiteurs, les invitant \u00e0 [&hellip;]<\/p>\n","protected":false},"author":1,"featured_media":866,"parent":0,"menu_order":12,"comment_status":"closed","ping_status":"closed","template":"","meta":{"_acf_changed":false,"footnotes":""},"class_list":["post-865","page","type-page","status-publish","has-post-thumbnail","hentry"],"acf":[],"_links":{"self":[{"href":"https:\/\/www.artofleisure.it\/fr\/wp-json\/wp\/v2\/pages\/865","targetHints":{"allow":["GET"]}}],"collection":[{"href":"https:\/\/www.artofleisure.it\/fr\/wp-json\/wp\/v2\/pages"}],"about":[{"href":"https:\/\/www.artofleisure.it\/fr\/wp-json\/wp\/v2\/types\/page"}],"author":[{"embeddable":true,"href":"https:\/\/www.artofleisure.it\/fr\/wp-json\/wp\/v2\/users\/1"}],"replies":[{"embeddable":true,"href":"https:\/\/www.artofleisure.it\/fr\/wp-json\/wp\/v2\/comments?post=865"}],"version-history":[{"count":2,"href":"https:\/\/www.artofleisure.it\/fr\/wp-json\/wp\/v2\/pages\/865\/revisions"}],"predecessor-version":[{"id":1207,"href":"https:\/\/www.artofleisure.it\/fr\/wp-json\/wp\/v2\/pages\/865\/revisions\/1207"}],"wp:featuredmedia":[{"embeddable":true,"href":"https:\/\/www.artofleisure.it\/fr\/wp-json\/wp\/v2\/media\/866"}],"wp:attachment":[{"href":"https:\/\/www.artofleisure.it\/fr\/wp-json\/wp\/v2\/media?parent=865"}],"curies":[{"name":"wp","href":"https:\/\/api.w.org\/{rel}","templated":true}]}}